{"id":54,"date":"2016-05-15T12:39:36","date_gmt":"2016-05-15T10:39:36","guid":{"rendered":"http:\/\/www.toscaneholiday.nl\/?page_id=54"},"modified":"2025-05-05T12:16:02","modified_gmt":"2025-05-05T10:16:02","slug":"home","status":"publish","type":"page","link":"http:\/\/www.toscaneholiday.nl\/index.php\/home\/","title":{"rendered":"Home"},"content":{"rendered":"<p><!--<img decoding=\"async\" src=\"images\/hotel_via.jpg\" alt=\"Home\" \/>\n<img decoding=\"async\" src=\"images\/luchtfoto_via.jpg\" alt=\"Home\" \/>\n<img decoding=\"async\" src=\"images\/strand.jpg\" alt=\"Home\" \/>\n<img decoding=\"async\" src=\"images\/viareggioharbourwall.jpg\" alt=\"Home\" \/>--><\/p>\n<div id=\"maincontent\">\n<h3>Volop genieten in Toscane \/ Liguri\u00eb<\/h3>\n<p>Toscane en Liguri\u00eb zijn de mooiste gebieden van Itali\u00eb. In Viareggio verhuren wij mobilehomes op de prachtige camping Paradiso. En op de grens van Toscane \/ Liguri\u00eb verhuren wij ook mobilehomes op camping River Village in Ameglia.<\/p>\n<p>Ontdek de twee mooiste provincies van Itali\u00eb, Toscane en Liguri\u00eb, tijdens uw vakantie!<\/p>\n<p><img loading=\"lazy\" decoding=\"async\" class=\"alignleft\" src=\"http:\/\/www.toscaneholiday.nl\/wp-content\/uploads\/2023\/02\/Kaartje-toscane-1-1022x1024.jpg\" width=\"401\" height=\"402\" \/><\/p>\n<p><strong>Viareggio<\/strong> is een typisch Italiaanse badplaats met een lang en breed zandstrand gelegen in Toscane. Het heeft een mooie en brede boulevard (3,5km lang) met vele winkels, restaurants en barretjes, waar u\u00a0 overdag en\/of \u2019s avonds heerlijk kunt wandelen, een hapje kunt gaan eten of uitgebreid winkelen.<\/p>\n<p>In deze veelzijdige badplaats verhuren wij mobilehomes\/stacaravans op camping Paradiso. De mobilehomes staan naast elkaar en hebben elk twee slaapkamers, overdekte veranda en <strong>airco<\/strong>, zijn gelegen op een mooie plek centraal op de camping inclusief autoparkeerplaats direct naast de mobilehome. <span style=\"font-size: revert;\">De camping beschikt over een piazza (centraal plein met faciliteiten) met minimarket, restaurant en een bar, maar ook over een zwembad met peutergedeelte, speeltuin met trampolines.<\/span><\/p>\n<p>In <strong>Ameglia<\/strong> bevindt zich camping River Village, gelegen op de grens van Toscane en Liguri\u00eb. Tussen de schoonheid van Cinque Terre en het prachtige Toscane is er van alles te beleven. De camping ligt aan de rivier de Magra zoals de naam al verklapt. Daarnaast ligt de zee met zandstrand op slechts 2 kilometer afstand.<\/p>\n<p>Ook hier verhuren wij een 3 slaapkamer mobilehome\/stacaravan op camping River Village. De mobilehome heeft een overdekt veranda en <strong>airco<\/strong>. Nabij de mobilehome bevindt zich de parkeerplaats. De camping beschikt over 2 grote zwembaden, peuterbad, een restaurant en een bar, supermarkt, sportvelden en speeltuinen.<\/p>\n<\/div>\n<div id=\"maincontent\">\n<p>Ondanks dat er meer dan genoeg te doen is op de camping is er in de omgeving ook veel te beleven. U bent met de trein of auto zomaar in hartje\u00a0Pisa, Florence, Lucca, Livorno, Carrara, Portofino, San Gimignano en nog vele andere plaatsen. Natuurlijk mag een bezoek aan Cinque Terre (de 5 dorpjes) niet ontbreken. De dorpen van <a title=\"Nationaal park Cinque Terre\" href=\"https:\/\/nl.wikipedia.org\/wiki\/Nationaal_park_Cinque_Terre\">Nationaal park Cinque Terre<\/a> zijn\u00a0opgenomen in de Werelderfgoedlijst van UNESCO.<\/p>\n<p>Bekijk onze site voor de vele mogelijkheden die wij kunnen bieden en verdere informatie.<\/p>\n<\/div>\n\n<div class=\"wp-block-image\">\n<figure class=\"aligncenter size-large is-resized\"><img loading=\"lazy\" decoding=\"async\" width=\"1024\" height=\"1024\" src=\"http:\/\/www.toscaneholiday.nl\/wp-content\/uploads\/2023\/04\/logo-transparant-1024x1024.png\" alt=\"\" class=\"wp-image-802\" style=\"width:298px;height:298px\" srcset=\"http:\/\/www.toscaneholiday.nl\/wp-content\/uploads\/2023\/04\/logo-transparant-1024x1024.png 1024w, http:\/\/www.toscaneholiday.nl\/wp-content\/uploads\/2023\/04\/logo-transparant-300x300.png 300w, http:\/\/www.toscaneholiday.nl\/wp-content\/uploads\/2023\/04\/logo-transparant-150x150.png 150w, http:\/\/www.toscaneholiday.nl\/wp-content\/uploads\/2023\/04\/logo-transparant-768x768.png 768w, http:\/\/www.toscaneholiday.nl\/wp-content\/uploads\/2023\/04\/logo-transparant-1536x1536.png 1536w, http:\/\/www.toscaneholiday.nl\/wp-content\/uploads\/2023\/04\/logo-transparant-2048x2048.png 2048w, http:\/\/www.toscaneholiday.nl\/wp-content\/uploads\/2023\/04\/logo-transparant-1200x1200.png 1200w\" sizes=\"(max-width: 709px) 85vw, (max-width: 909px) 67vw, (max-width: 1362px) 62vw, 840px\" \/><\/figure><\/div>\n\n\n<p><\/p>\n","protected":false},"excerpt":{"rendered":"<p>Volop genieten in Toscane \/ Liguri\u00eb Toscane en Liguri\u00eb zijn de mooiste gebieden van Itali\u00eb. In Viareggio verhuren wij mobilehomes op de prachtige camping Paradiso. En op de grens van Toscane \/ Liguri\u00eb verhuren wij ook mobilehomes op camping River Village in Ameglia. Ontdek de twee mooiste provincies van Itali\u00eb, Toscane en Liguri\u00eb, tijdens uw &hellip; <a href=\"http:\/\/www.toscaneholiday.nl\/index.php\/home\/\" class=\"more-link\">Lees <span class=\"screen-reader-text\">&#8220;Home&#8221;<\/span> verder<\/a><\/p>\n","protected":false},"author":1,"featured_media":51,"parent":0,"menu_order":0,"comment_status":"closed","ping_status":"closed","template":"","meta":{"iawp_total_views":109,"footnotes":""},"_links":{"self":[{"href":"http:\/\/www.toscaneholiday.nl\/index.php\/wp-json\/wp\/v2\/pages\/54"}],"collection":[{"href":"http:\/\/www.toscaneholiday.nl\/index.php\/wp-json\/wp\/v2\/pages"}],"about":[{"href":"http:\/\/www.toscaneholiday.nl\/index.php\/wp-json\/wp\/v2\/types\/page"}],"author":[{"embeddable":true,"href":"http:\/\/www.toscaneholiday.nl\/index.php\/wp-json\/wp\/v2\/users\/1"}],"replies":[{"embeddable":true,"href":"http:\/\/www.toscaneholiday.nl\/index.php\/wp-json\/wp\/v2\/comments?post=54"}],"version-history":[{"count":17,"href":"http:\/\/www.toscaneholiday.nl\/index.php\/wp-json\/wp\/v2\/pages\/54\/revisions"}],"predecessor-version":[{"id":956,"href":"http:\/\/www.toscaneholiday.nl\/index.php\/wp-json\/wp\/v2\/pages\/54\/revisions\/956"}],"wp:featuredmedia":[{"embeddable":true,"href":"http:\/\/www.toscaneholiday.nl\/index.php\/wp-json\/wp\/v2\/media\/51"}],"wp:attachment":[{"href":"http:\/\/www.toscaneholiday.nl\/index.php\/wp-json\/wp\/v2\/media?parent=54"}],"curies":[{"name":"wp","href":"https:\/\/api.w.org\/{rel}","templated":true}]}}