{"id":29,"date":"2016-05-15T11:50:30","date_gmt":"2016-05-15T09:50:30","guid":{"rendered":"http:\/\/www.toscaneholiday.nl\/?page_id=29"},"modified":"2023-02-22T16:19:52","modified_gmt":"2023-02-22T15:19:52","slug":"omgeving","status":"publish","type":"page","link":"http:\/\/www.toscaneholiday.nl\/index.php\/omgeving\/","title":{"rendered":"Omgeving"},"content":{"rendered":"<h3>Omgeving Toscane \/ Liguri\u00eb<\/h3>\n<p>YouTube filmpje van viareggio:<\/p>\n<p><iframe loading=\"lazy\" src=\"http:\/\/www.youtube.com\/embed\/9QoEueFA8Pc\" width=\"280\" height=\"170\" frameborder=\"0\" allowfullscreen=\"allowfullscreen\"><\/iframe><\/p>\n<p><br \/><a title=\"Toscane\" href=\"http:\/\/nl.wikipedia.org\/wiki\/Toscane\"><u><span style=\"color: #0066cc;\"><img loading=\"lazy\" decoding=\"async\" class=\"alignleft\" src=\"http:\/\/www.toscaneholiday.nl\/wp-content\/uploads\/2023\/02\/Kaartje-toscane-1-1022x1024.jpg\" width=\"313\" height=\"314\" \/>Toscane<\/span><\/u><\/a> en Liguri\u00eb zijn de mooiste gebieden van Itali\u00eb.<\/p>\n<p>Toscane kent de steden Florence, Pisa, Siena, Lucca, San Giminano, Volterre \u00a0Maremma, , Lucarno, La Spezia, Cinque Terre en nog vele anderen. Tevens is het Lago di Massaciuccoli met de daarbij behorende natuurpark Parco di Migliarino-San Rossore. Dit gebied omvat 23 km kust, duinen, bossen en het meer, gelegen vlak naast de camping bij het plaatsje Torre del Lago Puccini bekend van de beroemde componist.<\/p>\n<p>Toscane staat bekend om zijn landschappen en lekkere eten, maar ook om de beroemde wijnen zoals de Chianti, Morellino di Scansano en de Brunella di Montalcino. Tevens is er veel literatuur, schilderkunst, architectuur en beeldhouwkunst te zien in deze regio. Er zijn tientallen musea waar men terecht kan.<\/p>\n<p>In Toscane kan men echter ook actief de vakantie besteden. De mogelijkheden om te wandelen, fietsen, joggen en verschillende watersporten zijn er legio. Voor de golfliefhebbers is er in Tirrenia een van de mooiste banen van Itali\u00eb (volgens Golf Magazine).<\/p>\n<p>Liguri\u00eb is een verborgen juweeltje tussen de bergen en de zee. Met het wereldberoemde\u00a0 Cinque Terre, een rij van 5 schilderachtige dorpen op en rond kliffen en baaien. Maar ook Portofino is een bezoekje waard.<\/p>\n<p><strong>Het klimaat van Toscane \/ Liguri\u00eb<\/strong><br \/>Het weer in Toscane \/ Liguri\u00eb kan in de wintermaanden vrij onvoorspelbaar zijn maar is vooral zacht en de zomers zijn warm en droog. Zowel in de lente als de herfst is de temperatuur erg aangenaam en ligt het gemiddelde rond de 20\u2103. Dus u kunt er van vroege voorjaar tot het late najaar genieten van het heerlijke klimaat en geweldige omgeving.\u00a0<\/p>\n\n\n<p><\/p>\n","protected":false},"excerpt":{"rendered":"<p>Omgeving Toscane \/ Liguri\u00eb YouTube filmpje van viareggio: Toscane en Liguri\u00eb zijn de mooiste gebieden van Itali\u00eb. Toscane kent de steden Florence, Pisa, Siena, Lucca, San Giminano, Volterre \u00a0Maremma, , Lucarno, La Spezia, Cinque Terre en nog vele anderen. Tevens is het Lago di Massaciuccoli met de daarbij behorende natuurpark Parco di Migliarino-San Rossore. Dit &hellip; <a href=\"http:\/\/www.toscaneholiday.nl\/index.php\/omgeving\/\" class=\"more-link\">Lees <span class=\"screen-reader-text\">&#8220;Omgeving&#8221;<\/span> verder<\/a><\/p>\n","protected":false},"author":1,"featured_media":0,"parent":0,"menu_order":0,"comment_status":"closed","ping_status":"closed","template":"","meta":{"iawp_total_views":72,"footnotes":""},"_links":{"self":[{"href":"http:\/\/www.toscaneholiday.nl\/index.php\/wp-json\/wp\/v2\/pages\/29"}],"collection":[{"href":"http:\/\/www.toscaneholiday.nl\/index.php\/wp-json\/wp\/v2\/pages"}],"about":[{"href":"http:\/\/www.toscaneholiday.nl\/index.php\/wp-json\/wp\/v2\/types\/page"}],"author":[{"embeddable":true,"href":"http:\/\/www.toscaneholiday.nl\/index.php\/wp-json\/wp\/v2\/users\/1"}],"replies":[{"embeddable":true,"href":"http:\/\/www.toscaneholiday.nl\/index.php\/wp-json\/wp\/v2\/comments?post=29"}],"version-history":[{"count":12,"href":"http:\/\/www.toscaneholiday.nl\/index.php\/wp-json\/wp\/v2\/pages\/29\/revisions"}],"predecessor-version":[{"id":774,"href":"http:\/\/www.toscaneholiday.nl\/index.php\/wp-json\/wp\/v2\/pages\/29\/revisions\/774"}],"wp:attachment":[{"href":"http:\/\/www.toscaneholiday.nl\/index.php\/wp-json\/wp\/v2\/media?parent=29"}],"curies":[{"name":"wp","href":"https:\/\/api.w.org\/{rel}","templated":true}]}}